{"id":10,"date":"2021-10-27T15:55:15","date_gmt":"2021-10-27T15:55:15","guid":{"rendered":"http:\/\/goembedded.pl\/?page_id=10"},"modified":"2023-03-19T14:41:36","modified_gmt":"2023-03-19T14:41:36","slug":"omnie","status":"publish","type":"page","link":"https:\/\/goembedded.pl\/index.php\/omnie\/","title":{"rendered":"O mnie"},"content":{"rendered":"\n<p><\/p>\n\n\n\n<pre class=\"wp-block-preformatted has-black-color has-white-background-color has-text-color has-background has-medium-font-size\"><\/pre>\n\n\n\n<div class=\"wp-block-media-text alignwide is-stacked-on-mobile is-vertically-aligned-top\"><figure class=\"wp-block-media-text__media\"><img loading=\"lazy\" width=\"684\" height=\"1024\" src=\"http:\/\/goembedded.pl\/wp-content\/uploads\/2021\/11\/ZUZ_9065-1-684x1024.jpg\" alt=\"\" class=\"wp-image-56 size-full\" srcset=\"https:\/\/goembedded.pl\/wp-content\/uploads\/2021\/11\/ZUZ_9065-1-684x1024.jpg 684w, https:\/\/goembedded.pl\/wp-content\/uploads\/2021\/11\/ZUZ_9065-1-200x300.jpg 200w, https:\/\/goembedded.pl\/wp-content\/uploads\/2021\/11\/ZUZ_9065-1-768x1150.jpg 768w, https:\/\/goembedded.pl\/wp-content\/uploads\/2021\/11\/ZUZ_9065-1-1025x1536.jpg 1025w, https:\/\/goembedded.pl\/wp-content\/uploads\/2021\/11\/ZUZ_9065-1-1367x2048.jpg 1367w, https:\/\/goembedded.pl\/wp-content\/uploads\/2021\/11\/ZUZ_9065-1-scaled.jpg 1709w\" sizes=\"(max-width: 684px) 100vw, 684px\" \/><\/figure><div class=\"wp-block-media-text__content\">\n<p class=\"has-medium-font-size\">Cze\u015b\u0107, mam na imi\u0119 Kamil i programuje od ponad 12 lat \ud83d\ude42<\/p>\n\n\n\n<p class=\"has-medium-font-size\">Brzmi jak wyznanie alkoholika, bo troch\u0119 te\u017c tak si\u0119 czuj\u0119, ten kto zostanie in\u017cynierem raz, pozostaje nim na zawsze.<\/p>\n\n\n\n<p class=\"has-medium-font-size\">Nie pami\u0119tam kiedy zacz\u0119\u0142a si\u0119 moja przygoda z technik\u0105, od ma\u0142ego majstrowa\u0142em z pr\u0105dem, by\u0142o mi \u0142atwo, bo m\u00f3j tata elektryk dostarcza\u0142 mi ogromne ilo\u015bci z\u0142omu kt\u00f3ry mo\u017cna by\u0142o rozszabrowa\u0107, a potem si\u0119 nimi bawi\u0107. W ten w\u0142a\u015bnie spos\u00f3b polubi\u0142em wszystko co si\u0119 \u015bwieci, bzyczy i rusza. Potem by\u0142o ju\u017c z g\u00f3rki, kiedy dosta\u0142em sw\u00f3j pierwszy komputer szybko wpad\u0142 mi w r\u0119ce Turbo Pascal kt\u00f3ry rozbudzi\u0142 moj\u0105 wyobra\u017ani\u0119, bo skoro mog\u0119 rusza\u0107 pixelami na ekranie, to znaczy \u017ce mog\u0119 rusza\u0107 wszystkim \ud83d\ude42 Szybko zakocha\u0142em si\u0119 w mikroprocesorach, to one pozwala\u0142y mi o\u017cywa\u0107 to co martwe, \u015bwiate\u0142ka, buzzery, silniczki i to \u017cy\u0142o nawet kiedy nie ja tym sterowa\u0142em! Kocham wszystkie sensory, to one pozwalaj\u0105 elektronice bezpiecznie \u017cy\u0107 i cieszy\u0107 ludzi bezawaryjn\u0105 i skuteczn\u0105 prac\u0105.<\/p>\n\n\n\n<p class=\"has-medium-font-size\">Teraz, po kilku latach pracy w bran\u017cy Embedded przyszed\u0142 czas na do\u015bwiadczenia z zakresu Automotive. Tu dowiaduje si\u0119 jak zarz\u0105dza\u0107 du\u017cymi projektami zgodnie z g\u00f3ry ustalonym procesem, jak skutecznie dostarcza\u0107 w pe\u0142ni przetestowanie oprogramowanie i sprz\u0119t jak rozmawia\u0107 z klientem.<\/p>\n\n\n\n<p class=\"has-medium-font-size\">Jestem na pocz\u0105tku swojej drogi, bo mam zaledwie 27 lat, ale wiem ju\u017c na pewno, to z pasji bior\u0105 si\u0119 najlepsze pomys\u0142y, to pasja pozwala pracowa\u0107 po 30 godzin na dob\u0119 i to pasja sprawia \u017ce po takim maratonie jeste\u015b szcz\u0119\u015bliwy, pasja sprawia \u017ce produkty kt\u00f3re dostarczaj\u0105 in\u017cynierowie s\u0105 perfekcyjne, tam gdzie nie ma pasji nie ma dobrych produkt\u00f3w.<\/p>\n\n\n\n<p class=\"has-medium-font-size\">Ciesz\u0119 si\u0119 \u017ce tu jeste\u015b i przeczyta\u0142e\u015b moj\u0105 kr\u00f3tk\u0105 histori\u0119, ahoj przygodo! \ud83d\ude42<\/p>\n\n\n\n<p class=\"has-medium-font-size\"><\/p>\n<\/div><\/div>\n","protected":false},"excerpt":{"rendered":"<p>Cze\u015b\u0107, mam na imi\u0119 Kamil i programuje od ponad 12 lat \ud83d\ude42 Brzmi jak wyznanie alkoholika, bo troch\u0119 te\u017c tak si\u0119 czuj\u0119, ten kto zostanie in\u017cynierem raz, pozostaje nim na zawsze. Nie pami\u0119tam kiedy zacz\u0119\u0142a si\u0119 moja przygoda z technik\u0105,&hellip;<\/p>\n","protected":false},"author":1,"featured_media":0,"parent":0,"menu_order":0,"comment_status":"closed","ping_status":"closed","template":"","meta":[],"_links":{"self":[{"href":"https:\/\/goembedded.pl\/index.php\/wp-json\/wp\/v2\/pages\/10"}],"collection":[{"href":"https:\/\/goembedded.pl\/index.php\/wp-json\/wp\/v2\/pages"}],"about":[{"href":"https:\/\/goembedded.pl\/index.php\/wp-json\/wp\/v2\/types\/page"}],"author":[{"embeddable":true,"href":"https:\/\/goembedded.pl\/index.php\/wp-json\/wp\/v2\/users\/1"}],"replies":[{"embeddable":true,"href":"https:\/\/goembedded.pl\/index.php\/wp-json\/wp\/v2\/comments?post=10"}],"version-history":[{"count":16,"href":"https:\/\/goembedded.pl\/index.php\/wp-json\/wp\/v2\/pages\/10\/revisions"}],"predecessor-version":[{"id":94,"href":"https:\/\/goembedded.pl\/index.php\/wp-json\/wp\/v2\/pages\/10\/revisions\/94"}],"wp:attachment":[{"href":"https:\/\/goembedded.pl\/index.php\/wp-json\/wp\/v2\/media?parent=10"}],"curies":[{"name":"wp","href":"https:\/\/api.w.org\/{rel}","templated":true}]}}