{"id":83,"date":"2021-11-14T18:38:32","date_gmt":"2021-11-14T18:38:32","guid":{"rendered":"http:\/\/goembedded.pl\/?page_id=83"},"modified":"2021-11-14T18:42:35","modified_gmt":"2021-11-14T18:42:35","slug":"software-hardware-test","status":"publish","type":"page","link":"http:\/\/goembedded.pl\/index.php\/software-hardware-test\/","title":{"rendered":"Software, Hardware, Test"},"content":{"rendered":"\n<p class=\"has-text-align-center has-medium-font-size\">By\u0142o ich trzech, w ka\u017cdym z nich inna krew, ale jeden przy\u015bwieca\u0142 im cel&#8230; \ud83d\ude42<\/p>\n\n\n\n<div class=\"wp-block-image\"><figure class=\"aligncenter size-large\"><img loading=\"lazy\" width=\"576\" height=\"1024\" src=\"http:\/\/goembedded.pl\/wp-content\/uploads\/2021\/11\/IMG_20200424_110655-576x1024.jpg\" alt=\"\" class=\"wp-image-89\" srcset=\"http:\/\/goembedded.pl\/wp-content\/uploads\/2021\/11\/IMG_20200424_110655-576x1024.jpg 576w, http:\/\/goembedded.pl\/wp-content\/uploads\/2021\/11\/IMG_20200424_110655-169x300.jpg 169w, http:\/\/goembedded.pl\/wp-content\/uploads\/2021\/11\/IMG_20200424_110655-768x1365.jpg 768w, http:\/\/goembedded.pl\/wp-content\/uploads\/2021\/11\/IMG_20200424_110655-864x1536.jpg 864w, http:\/\/goembedded.pl\/wp-content\/uploads\/2021\/11\/IMG_20200424_110655-1152x2048.jpg 1152w, http:\/\/goembedded.pl\/wp-content\/uploads\/2021\/11\/IMG_20200424_110655-scaled.jpg 1440w\" sizes=\"(max-width: 576px) 100vw, 576px\" \/><\/figure><\/div>\n","protected":false},"excerpt":{"rendered":"<p>By\u0142o ich trzech, w ka\u017cdym z nich inna krew, ale jeden przy\u015bwieca\u0142 im cel&#8230; \ud83d\ude42<\/p>\n","protected":false},"author":1,"featured_media":0,"parent":0,"menu_order":0,"comment_status":"closed","ping_status":"closed","template":"","meta":[],"_links":{"self":[{"href":"http:\/\/goembedded.pl\/index.php\/wp-json\/wp\/v2\/pages\/83"}],"collection":[{"href":"http:\/\/goembedded.pl\/index.php\/wp-json\/wp\/v2\/pages"}],"about":[{"href":"http:\/\/goembedded.pl\/index.php\/wp-json\/wp\/v2\/types\/page"}],"author":[{"embeddable":true,"href":"http:\/\/goembedded.pl\/index.php\/wp-json\/wp\/v2\/users\/1"}],"replies":[{"embeddable":true,"href":"http:\/\/goembedded.pl\/index.php\/wp-json\/wp\/v2\/comments?post=83"}],"version-history":[{"count":4,"href":"http:\/\/goembedded.pl\/index.php\/wp-json\/wp\/v2\/pages\/83\/revisions"}],"predecessor-version":[{"id":91,"href":"http:\/\/goembedded.pl\/index.php\/wp-json\/wp\/v2\/pages\/83\/revisions\/91"}],"wp:attachment":[{"href":"http:\/\/goembedded.pl\/index.php\/wp-json\/wp\/v2\/media?parent=83"}],"curies":[{"name":"wp","href":"https:\/\/api.w.org\/{rel}","templated":true}]}}